{"id":2206,"date":"2018-11-28T12:15:47","date_gmt":"2018-11-28T11:15:47","guid":{"rendered":"https:\/\/accompagnement-entreprise.fr\/commercial\/?page_id=2206"},"modified":"2025-09-05T18:19:15","modified_gmt":"2025-09-05T17:19:15","slug":"pratique","status":"publish","type":"page","link":"https:\/\/accompagnement-entreprise.fr\/commercial\/","title":{"rendered":"Pratique"},"content":{"rendered":"<h1 style=\"text-align: justify;\"><span style=\"color: #333399;\">Quelques utilitaires&nbsp;&nbsp;<\/span><\/h1>\n<p style=\"text-align: justify;\"><span style=\"color: #800000;\"><strong>Trucs TOP : <\/strong><\/span><\/p>\n<ul>\n<li><a href=\"http:\/\/www.dynamique-mag.com\/article\/outils-mieux-collaborer-avec-equipes.6005\" target=\"_blank\" rel=\"noopener\">Logiciels collaboratifs<\/a><\/li>\n<li><a href=\"http:\/\/www.journaldunet.com\/management\/efficacite-personnelle\/1036898-60-sites-incontournables-pour-le-bureau\/\" target=\"_blank\" rel=\"noopener\">60 applications pour le bureau<\/a><\/li>\n<li><a title=\"100 logiciels libres\" href=\"http:\/\/www.pack-logiciels-libres.fr\/spip.php?rubrique2\" target=\"_blank\" rel=\"noopener\">100 Applis pour les entrepreneurs<\/a><\/li>\n<li><a title=\"Racourccis clavier\" href=\"http:\/\/www.journaldunet.com\/solutions\/saas-logiciel\/raccourci-clavier-office\/?utm_source=greenarrow&amp;utm_medium=mail&amp;utm_campaign=ML156_Ecolesdecommerc\" target=\"_blank\" rel=\"noopener\">100 raccourcis pour le clavier <\/a><\/li>\n<li><a title=\"Logiciel de sauvegarde\" href=\"http:\/\/www.01net.com\/telecharger\/windows\/Utilitaire\/sauvegarde\/fiches\/13303.html\" target=\"_blank\" rel=\"noopener\">Cobian Backup<\/a><\/li>\n<li><a href=\"http:\/\/www.journaldunet.com\/ebusiness\/internet-mobile\/1153509-15-fonctionnalites-indispensables-de-google-apps\/1154804-annuler-un-e-mail\" target=\"_blank\" rel=\"noopener\">Les fonctionnalit\u00e9s de google<\/a><\/li>\n<li><a href=\"http:\/\/www.dynamique-mag.com\/article\/logiciels-connaitre-entrepreneur.6563\" target=\"_blank\" rel=\"noopener\">Les logiciels utiles pour les autos<\/a><\/li>\n<li><a href=\"http:\/\/www.dynamique-mag.com\/article\/outils-mieux-collaborer-avec-equipes.6005\" target=\"_blank\" rel=\"noopener\">Les plateformes collaboratives<\/a><\/li>\n<li><a href=\"http:\/\/www.nchsoftware.com\/invoice\/fr\/\" target=\"_blank\" rel=\"noopener\">Logiciel &nbsp;devis \/ facturation<\/a><\/li>\n<li><a href=\"https:\/\/www.journaldunet.com\/management\/efficacite-personnelle\/1418715-11-outils-numeriques-pour-les-freelances\/?een=530aeb6304091ff24f99e3bdec5daaaa&amp;utm_source=greenarrow&amp;utm_medium=mail&amp;utm_campaign=ml156_outilspourlesfr\" target=\"_blank\" rel=\"noopener\">Outils utiles pour les freelances<\/a><\/li>\n<\/ul>\n<p><span style=\"color: #0000ff;\">S\u00e9curit\u00e9 Web&nbsp;<\/span><\/p>\n<ul>\n<li><a href=\"https:\/\/securelist.fr\/\" target=\"_blank\" rel=\"noopener\">Site sur la s\u00e9curit\u00e9 web&nbsp;<\/a><\/li>\n<li><a href=\"https:\/\/haveibeenpwned.com\/\" target=\"_blank\" rel=\"noopener\">V\u00e9rifier le niveau de s\u00e9curit\u00e9 de vos emails<\/a>&nbsp;<\/li>\n<\/ul>\n<p><strong><span style=\"color: #3366ff;\">Vous chercher l&rsquo;\u00e9quivalence \u00e0 un logiciel<\/span> <\/strong>&nbsp;<\/p>\n<ul>\n<li><a href=\"http:\/\/alternativeto.net\/platform\/windows\/\" target=\"_blank\" rel=\"noopener\">Alternativeto<\/a><\/li>\n<\/ul>\n<p style=\"text-align: justify;\"><strong><span style=\"color: #3366ff;\">Applis&nbsp; bureautiques\/organisation:<\/span> <\/strong><\/p>\n<ul style=\"text-align: justify;\">\n<li><a title=\"Open office \" href=\"http:\/\/www.openoffice.org\/fr\/\" target=\"_blank\" rel=\"noopener\">La c\u00e9l\u00e8bre suite bureautique Open office<\/a><\/li>\n<li><a title=\"Gestion de temps et de ressources \" href=\"http:\/\/www.framasoft.net\/article4498.html\" target=\"_blank\" rel=\"noopener\">Gestion du temps de personnes et ressource<\/a>s<\/li>\n<li><a title=\"Logiel de devis facturation tpe \" href=\"http:\/\/www.kafeo.com\/\" target=\"_blank\" rel=\"noopener\">Logiciel pour Tpe devis-facturation -ultra simple &#8211;&nbsp;<\/a><\/li>\n<li><a href=\"http:\/\/www.01net.com\/telecharger\/windows\/Multimedia\/photo_numerique\/fiches\/telecharger-50362.html\">Logiciel de redimensionnement d&rsquo;images group\u00e9es (web \/ documents)<\/a><\/li>\n<li><a title=\"Hootsuite \" href=\"https:\/\/hootsuite.com\/\" target=\"_blank\" rel=\"noopener\">Hootsuite Planification de l&rsquo;information des r\u00e9seaux sociaux<\/a><\/li>\n<li><a href=\"http:\/\/www.toucharger.com\/\" target=\"_blank\" rel=\"noopener\">Site de t\u00e9l\u00e9chargement de soft utiles Toocharger&nbsp;<\/a><a title=\"Hootsuite \" href=\"https:\/\/hootsuite.com\/\" target=\"_blank\" rel=\"noopener\">&nbsp;<\/a><\/li>\n<li><a href=\"http:\/\/www.gimp.org\/\" target=\"_blank\" rel=\"noopener\">Logiciel de traitement d&rsquo;images<\/a><\/li>\n<\/ul>\n<p><span style=\"color: #3366ff;\"><strong>Biblioth\u00e8que d&rsquo;image et ressources graphiques&nbsp;<\/strong><\/span><\/p>\n<ul>\n<li><a href=\"https:\/\/pixabay.com\/fr\/\" target=\"_blank\" rel=\"noopener\">Pixabay<\/a><\/li>\n<li><a href=\"https:\/\/fr.freepik.com\/\" target=\"_blank\" rel=\"noopener\">Freepik<\/a><\/li>\n<\/ul>\n<p><strong><span style=\"color: #3366ff;\">Soft de communication&nbsp;<\/span><\/strong><\/p>\n<ul>\n<li><a title=\"Skype \" href=\"http:\/\/www.skype.com\/fr\/\" target=\"_blank\" rel=\"noopener\">Skype<\/a><\/li>\n<li><a title=\"Viber \" href=\"http:\/\/www.viber.com\/fr\/\" target=\"_blank\" rel=\"noopener\">Viber<\/a><\/li>\n<li><a href=\"https:\/\/hangouts.google.com\/?hl=fr\" target=\"_blank\" rel=\"noopener\">Hangouts<\/a><\/li>\n<\/ul>\n<p><strong><span style=\"color: #3366ff;\">Automatisation des t\u00e2ches<\/span><\/strong><\/p>\n<ul>\n<li><a href=\"http:\/\/www.journaldunet.com\/solutions\/reseau-social-d-entreprise\/1192444-les-10-bots-pour-slack-les-plus-populaires\/1192468-hbr\" target=\"_blank\" rel=\"noopener\">10 Bots pratiques<\/a><\/li>\n<\/ul>\n<p><strong><span style=\"color: #3366ff;\">Cr\u00e9ation de questionnaire&nbsp;<\/span><\/strong><\/p>\n<ul>\n<li><a href=\"http:\/\/www.askabox.fr\/\" target=\"_blank\" rel=\"noopener\">Suivi &#8211; qualit\u00e9 &#8211; enqu\u00eate&nbsp; de satisfaction<\/a><\/li>\n<li><a href=\"https:\/\/framaforms.org\/abc\/fr\/\">Enqu\u00eate en ligne facile et gratuit&nbsp;<\/a><\/li>\n<\/ul>\n<p><strong><span style=\"color: #3366ff;\">Aide \u00e0 la formation bureautique :<\/span> <\/strong><\/p>\n<ul>\n<li><a title=\"Formation bureautique personnelle\" href=\"http:\/\/lecompagnon.info\" target=\"_blank\" rel=\"noopener\">Formation personnelle en informatique bureautique <\/a><\/li>\n<\/ul>\n<p style=\"text-align: justify;\"><span style=\"color: #993300;\"><strong>&nbsp;<\/strong><\/span><strong><span style=\"color: #3366ff;\">Applis&nbsp; gestion&nbsp; commerciale pour Tpe:<\/span> <\/strong><\/p>\n<ul>\n<li><a title=\"Gestan \" href=\"http:\/\/www.gestan.fr\/\" target=\"_blank\" rel=\"noopener\">Gestan<\/a> &#8211; Gratuit&nbsp; uniquement pour la gestion commerciale<\/li>\n<li><a href=\"http:\/\/www.free-devis-factures.com\/\" target=\"_blank\" rel=\"noopener\">Free devis facture<\/a> &nbsp; Pour les Auto-entrepreneurs<\/li>\n<li><a title=\"Prospaction \" href=\"http:\/\/www.prospaction-fr.com\/\" target=\"_blank\" rel=\"noopener\">Prospaction &#8211; soft de gestion commerciale (payant)<\/a><\/li>\n<\/ul>\n<p><strong><span style=\"color: #3366ff;\">Aspect commercial <\/span><\/strong><\/p>\n<ul>\n<li><a title=\"Fiches ventes\" href=\"http:\/\/accompagnement-entreprise.fr\/commercial\/fiches-techniques-de-vente\/\">Fiches<\/a> techniques de vente<\/li>\n<\/ul>\n<p><strong><span style=\"color: #3366ff;\">Site pour rayon d&rsquo;action et zone de d\u00e9placement <\/span><\/strong><\/p>\n<ul>\n<li><a href=\"http:\/\/www.oalley.fr\/\" target=\"_blank\" rel=\"noopener\">Oalley&nbsp;<\/a><\/li>\n<\/ul>\n<p><strong>Qu&rsquo;est qu&rsquo;un logiciel Open Source ?&nbsp;<\/strong><\/p>\n<p>La d\u00e9signation open source, ou \u00ab code source ouvert \u00bb, s&rsquo;applique aux logiciels dont la licence respecte des crit\u00e8res pr\u00e9cis\u00e9ment \u00e9tablis par l&rsquo;Open Source Initiative, c&rsquo;est-\u00e0-dire les possibilit\u00e9s de libre redistribution, d&rsquo;utilisation, d&rsquo;acc\u00e8s aux codes sources.<\/p>\n<p>Il existe maintenant pour les tpe beaucoup de produits Open source qui fonctionnent parfaitement sans avoir besoin \u00eatre un expert de l&rsquo;informatique pour de nombreuses utilisations.<\/p>\n<p><strong>Qu&rsquo;est ce qu&rsquo;un gratuiciel ?<\/strong><\/p>\n<p>C&rsquo;est un logiciel mis \u00e0 la disposition en partie gratuit, des particuliers ou des professionnels,&nbsp; &nbsp;par un \u00e9diteur&nbsp; et payante en version compl\u00e8te. Toutefois, cela peut s&rsquo;av\u00e9rer suffisant pour certaines utilisations.<\/p>\n<p><span style=\"color: #ff6600;\"><strong>_________________________________________________________<\/strong><\/span><\/p>\n<p><span style=\"color: #ff6600;\"><strong>__________________________________________________________<\/strong>&nbsp;<\/span><\/p>\n<p><strong><span style=\"color: #993300;\">&nbsp;<\/span><\/strong><\/p>\n<div style=\"padding-bottom:20px; padding-top:10px;\" class=\"hupso-share-buttons\"><!-- Hupso Share Buttons - https:\/\/www.hupso.com\/share\/ --><a class=\"hupso_toolbar\" href=\"https:\/\/www.hupso.com\/share\/\"><img src=\"https:\/\/static.hupso.com\/share\/buttons\/lang\/fr\/share-medium.png\" style=\"border:0px; padding-top: 5px; float:left;\" alt=\"Share Button\"\/><\/a><script type=\"text\/javascript\">var hupso_services_t=new Array(\"Twitter\",\"Facebook\",\"Linkedin\",\"Email\",\"Print\");var hupso_background_t=\"#EAF4FF\";var hupso_border_t=\"#66CCFF\";var hupso_toolbar_size_t=\"medium\";var hupso_image_folder_url = \"\";var hupso_url_t=\"\";var hupso_title_t=\"Pratique\";<\/script><script type=\"text\/javascript\" src=\"https:\/\/static.hupso.com\/share\/js\/share_toolbar.js\"><\/script><!-- Hupso Share Buttons --><\/div>","protected":false},"excerpt":{"rendered":"<p>Quelques utilitaires&nbsp;&nbsp; Trucs TOP : Logiciels collaboratifs 60 applications pour le bureau 100 Applis pour les entrepreneurs 100 raccourcis pour le clavier Cobian Backup Les fonctionnalit\u00e9s de google Les logiciels&#8230;<\/p>\n<div style=\"padding-bottom:20px; padding-top:10px;\" class=\"hupso-share-buttons\"><!-- Hupso Share Buttons - https:\/\/www.hupso.com\/share\/ --><a class=\"hupso_toolbar\" href=\"https:\/\/www.hupso.com\/share\/\"><img src=\"https:\/\/static.hupso.com\/share\/buttons\/lang\/fr\/share-medium.png\" style=\"border:0px; padding-top: 5px; float:left;\" alt=\"Share Button\"\/><\/a><script type=\"text\/javascript\">var hupso_services_t=new Array(\"Twitter\",\"Facebook\",\"Linkedin\",\"Email\",\"Print\");var hupso_background_t=\"#EAF4FF\";var hupso_border_t=\"#66CCFF\";var hupso_toolbar_size_t=\"medium\";var hupso_image_folder_url = \"\";var hupso_url_t=\"\";var hupso_title_t=\"Pratique\";<\/script><script type=\"text\/javascript\" src=\"https:\/\/static.hupso.com\/share\/js\/share_toolbar.js\"><\/script><!-- Hupso Share Buttons --><\/div>","protected":false},"author":1,"featured_media":0,"parent":0,"menu_order":0,"comment_status":"closed","ping_status":"closed","template":"","meta":{"ngg_post_thumbnail":0},"yoast_head":"<!-- This site is optimized with the Yoast SEO plugin v19.10 - https:\/\/yoast.com\/wordpress\/plugins\/seo\/ -->\n<title>Pratique - Ensemble pour r\u00e9ussir !<\/title>\n<meta name=\"robots\" content=\"index, follow, max-snippet:-1, max-image-preview:large, max-video-preview:-1\" \/>\n<link rel=\"canonical\" href=\"https:\/\/accompagnement-entreprise.fr\/commercial\/\" \/>\n<meta property=\"og:locale\" content=\"fr_FR\" \/>\n<meta property=\"og:type\" content=\"article\" \/>\n<meta property=\"og:title\" content=\"Pratique - Ensemble pour r\u00e9ussir !\" \/>\n<meta property=\"og:description\" content=\"Quelques utilitaires&nbsp;&nbsp; Trucs TOP : Logiciels collaboratifs 60 applications pour le bureau 100 Applis pour les entrepreneurs 100 raccourcis pour le clavier Cobian Backup Les fonctionnalit\u00e9s de google Les logiciels&#8230;\" \/>\n<meta property=\"og:url\" content=\"https:\/\/accompagnement-entreprise.fr\/commercial\/\" \/>\n<meta property=\"og:site_name\" content=\"Ensemble pour r\u00e9ussir !\" \/>\n<meta property=\"article:modified_time\" content=\"2025-09-05T17:19:15+00:00\" \/>\n<meta name=\"twitter:label1\" content=\"Dur\u00e9e de lecture estim\u00e9e\" \/>\n\t<meta name=\"twitter:data1\" content=\"2 minutes\" \/>\n<script type=\"application\/ld+json\" class=\"yoast-schema-graph\">{\"@context\":\"https:\/\/schema.org\",\"@graph\":[{\"@type\":\"WebPage\",\"@id\":\"https:\/\/accompagnement-entreprise.fr\/commercial\/\",\"url\":\"https:\/\/accompagnement-entreprise.fr\/commercial\/\",\"name\":\"Pratique - Ensemble pour r\u00e9ussir !\",\"isPartOf\":{\"@id\":\"https:\/\/accompagnement-entreprise.fr\/commercial\/#website\"},\"datePublished\":\"2018-11-28T11:15:47+00:00\",\"dateModified\":\"2025-09-05T17:19:15+00:00\",\"breadcrumb\":{\"@id\":\"https:\/\/accompagnement-entreprise.fr\/commercial\/#breadcrumb\"},\"inLanguage\":\"fr-FR\",\"potentialAction\":[{\"@type\":\"ReadAction\",\"target\":[\"https:\/\/accompagnement-entreprise.fr\/commercial\/\"]}]},{\"@type\":\"BreadcrumbList\",\"@id\":\"https:\/\/accompagnement-entreprise.fr\/commercial\/#breadcrumb\",\"itemListElement\":[{\"@type\":\"ListItem\",\"position\":1,\"name\":\"Home\",\"item\":\"https:\/\/accompagnement-entreprise.fr\/commercial\/\"},{\"@type\":\"ListItem\",\"position\":2,\"name\":\"Pratique\"}]},{\"@type\":\"WebSite\",\"@id\":\"https:\/\/accompagnement-entreprise.fr\/commercial\/#website\",\"url\":\"https:\/\/accompagnement-entreprise.fr\/commercial\/\",\"name\":\"Ensemble pour r\u00e9ussir !\",\"description\":\"\",\"potentialAction\":[{\"@type\":\"SearchAction\",\"target\":{\"@type\":\"EntryPoint\",\"urlTemplate\":\"https:\/\/accompagnement-entreprise.fr\/commercial\/?s={search_term_string}\"},\"query-input\":\"required name=search_term_string\"}],\"inLanguage\":\"fr-FR\"}]}<\/script>\n<!-- \/ Yoast SEO plugin. -->","yoast_head_json":{"title":"Pratique - Ensemble pour r\u00e9ussir !","robots":{"index":"index","follow":"follow","max-snippet":"max-snippet:-1","max-image-preview":"max-image-preview:large","max-video-preview":"max-video-preview:-1"},"canonical":"https:\/\/accompagnement-entreprise.fr\/commercial\/","og_locale":"fr_FR","og_type":"article","og_title":"Pratique - Ensemble pour r\u00e9ussir !","og_description":"Quelques utilitaires&nbsp;&nbsp; Trucs TOP : Logiciels collaboratifs 60 applications pour le bureau 100 Applis pour les entrepreneurs 100 raccourcis pour le clavier Cobian Backup Les fonctionnalit\u00e9s de google Les logiciels&#8230;","og_url":"https:\/\/accompagnement-entreprise.fr\/commercial\/","og_site_name":"Ensemble pour r\u00e9ussir !","article_modified_time":"2025-09-05T17:19:15+00:00","twitter_misc":{"Dur\u00e9e de lecture estim\u00e9e":"2 minutes"},"schema":{"@context":"https:\/\/schema.org","@graph":[{"@type":"WebPage","@id":"https:\/\/accompagnement-entreprise.fr\/commercial\/","url":"https:\/\/accompagnement-entreprise.fr\/commercial\/","name":"Pratique - Ensemble pour r\u00e9ussir !","isPartOf":{"@id":"https:\/\/accompagnement-entreprise.fr\/commercial\/#website"},"datePublished":"2018-11-28T11:15:47+00:00","dateModified":"2025-09-05T17:19:15+00:00","breadcrumb":{"@id":"https:\/\/accompagnement-entreprise.fr\/commercial\/#breadcrumb"},"inLanguage":"fr-FR","potentialAction":[{"@type":"ReadAction","target":["https:\/\/accompagnement-entreprise.fr\/commercial\/"]}]},{"@type":"BreadcrumbList","@id":"https:\/\/accompagnement-entreprise.fr\/commercial\/#breadcrumb","itemListElement":[{"@type":"ListItem","position":1,"name":"Home","item":"https:\/\/accompagnement-entreprise.fr\/commercial\/"},{"@type":"ListItem","position":2,"name":"Pratique"}]},{"@type":"WebSite","@id":"https:\/\/accompagnement-entreprise.fr\/commercial\/#website","url":"https:\/\/accompagnement-entreprise.fr\/commercial\/","name":"Ensemble pour r\u00e9ussir !","description":"","potentialAction":[{"@type":"SearchAction","target":{"@type":"EntryPoint","urlTemplate":"https:\/\/accompagnement-entreprise.fr\/commercial\/?s={search_term_string}"},"query-input":"required name=search_term_string"}],"inLanguage":"fr-FR"}]}},"_links":{"self":[{"href":"https:\/\/accompagnement-entreprise.fr\/commercial\/wp-json\/wp\/v2\/pages\/2206"}],"collection":[{"href":"https:\/\/accompagnement-entreprise.fr\/commercial\/wp-json\/wp\/v2\/pages"}],"about":[{"href":"https:\/\/accompagnement-entreprise.fr\/commercial\/wp-json\/wp\/v2\/types\/page"}],"author":[{"embeddable":true,"href":"https:\/\/accompagnement-entreprise.fr\/commercial\/wp-json\/wp\/v2\/users\/1"}],"replies":[{"embeddable":true,"href":"https:\/\/accompagnement-entreprise.fr\/commercial\/wp-json\/wp\/v2\/comments?post=2206"}],"version-history":[{"count":18,"href":"https:\/\/accompagnement-entreprise.fr\/commercial\/wp-json\/wp\/v2\/pages\/2206\/revisions"}],"predecessor-version":[{"id":2278,"href":"https:\/\/accompagnement-entreprise.fr\/commercial\/wp-json\/wp\/v2\/pages\/2206\/revisions\/2278"}],"wp:attachment":[{"href":"https:\/\/accompagnement-entreprise.fr\/commercial\/wp-json\/wp\/v2\/media?parent=2206"}],"curies":[{"name":"wp","href":"https:\/\/api.w.org\/{rel}","templated":true}]}}