{"id":258,"date":"2013-04-11T16:21:50","date_gmt":"2013-04-11T15:21:50","guid":{"rendered":"http:\/\/marketing-commercial.eu\/?page_id=258"},"modified":"2025-09-05T18:23:02","modified_gmt":"2025-09-05T17:23:02","slug":"formulaire","status":"publish","type":"page","link":"https:\/\/accompagnement-entreprise.fr\/commercial\/formulaire\/","title":{"rendered":"Formulaire"},"content":{"rendered":"<div role=\"form\" class=\"wpcf7\" id=\"wpcf7-f1429-o1\" lang=\"fr-FR\" dir=\"ltr\">\n<div class=\"screen-reader-response\"><p role=\"status\" aria-live=\"polite\" aria-atomic=\"true\"><\/p> <ul><\/ul><\/div>\n<form action=\"\/commercial\/wp-json\/wp\/v2\/pages\/258#wpcf7-f1429-o1\" method=\"post\" class=\"wpcf7-form init\" novalidate=\"novalidate\" data-status=\"init\">\n<div style=\"display: none;\">\n<input type=\"hidden\" name=\"_wpcf7\" value=\"1429\" \/>\n<input type=\"hidden\" name=\"_wpcf7_version\" value=\"5.6.4\" \/>\n<input type=\"hidden\" name=\"_wpcf7_locale\" value=\"fr_FR\" \/>\n<input type=\"hidden\" name=\"_wpcf7_unit_tag\" value=\"wpcf7-f1429-o1\" \/>\n<input type=\"hidden\" name=\"_wpcf7_container_post\" value=\"0\" \/>\n<input type=\"hidden\" name=\"_wpcf7_posted_data_hash\" value=\"\" \/>\n<\/div>\n<p>Votre nom &nbsp;&nbsp;*&nbsp;&nbsp; <span class=\"wpcf7-form-control-wrap\" data-name=\"your-name\"><input type=\"text\" name=\"your-name\" value=\"\" size=\"40\" class=\"wpcf7-form-control wpcf7-text wpcf7-validates-as-required\" aria-required=\"true\" aria-invalid=\"false\" \/><\/span> <\/p>\n<p>Votre email &nbsp;*&nbsp;&nbsp; <span class=\"wpcf7-form-control-wrap\" data-name=\"your-email\"><input type=\"email\" name=\"your-email\" value=\"\" size=\"40\" class=\"wpcf7-form-control wpcf7-text wpcf7-email wpcf7-validates-as-required wpcf7-validates-as-email\" aria-required=\"true\" aria-invalid=\"false\" \/><\/span> <\/p>\n<p>Sujet &nbsp;&nbsp;&nbsp;&nbsp;&nbsp;&nbsp;&nbsp; <span class=\"wpcf7-form-control-wrap\" data-name=\"your-subject\"><input type=\"text\" name=\"your-subject\" value=\"\" size=\"40\" class=\"wpcf7-form-control wpcf7-text\" aria-invalid=\"false\" \/><\/span> <\/p>\n<p>Votre message &nbsp;:&nbsp;&nbsp;&nbsp;<span class=\"wpcf7-form-control-wrap\" data-name=\"your-message\"><textarea name=\"your-message\" cols=\"40\" rows=\"10\" class=\"wpcf7-form-control wpcf7-textarea\" aria-invalid=\"false\"><\/textarea><\/span> <\/p>\n<p> &nbsp;Recopier <input type=\"hidden\" name=\"_wpcf7_captcha_challenge_captcha-715\" value=\"112647759\" \/><img class=\"wpcf7-form-control wpcf7-captchac wpcf7-captcha-captcha-715\" width=\"72\" height=\"24\" alt=\"captcha\" src=\"https:\/\/accompagnement-entreprise.fr\/commercial\/wp-content\/uploads\/wpcf7_captcha\/112647759.png\" \/> &nbsp;  ici  &nbsp;<span class=\"wpcf7-form-control-wrap\" data-name=\"captcha-715\"><input type=\"text\" name=\"captcha-715\" value=\"\" size=\"40\" class=\"wpcf7-form-control wpcf7-captchar\" autocomplete=\"off\" aria-invalid=\"false\" \/><\/span> <\/p>\n<p><input type=\"submit\" value=\"Envoyer\" class=\"wpcf7-form-control has-spinner wpcf7-submit\" \/><\/p>\n<div class=\"wpcf7-response-output\" aria-hidden=\"true\"><\/div><\/form><\/div>\n<p>&nbsp;<\/p>\n<div style=\"padding-bottom:20px; padding-top:10px;\" class=\"hupso-share-buttons\"><!-- Hupso Share Buttons - https:\/\/www.hupso.com\/share\/ --><a class=\"hupso_toolbar\" href=\"https:\/\/www.hupso.com\/share\/\"><img src=\"https:\/\/static.hupso.com\/share\/buttons\/lang\/fr\/share-medium.png\" style=\"border:0px; padding-top: 5px; float:left;\" alt=\"Share Button\"\/><\/a><script type=\"text\/javascript\">var hupso_services_t=new Array(\"Twitter\",\"Facebook\",\"Linkedin\",\"Email\",\"Print\");var hupso_background_t=\"#EAF4FF\";var hupso_border_t=\"#66CCFF\";var hupso_toolbar_size_t=\"medium\";var hupso_image_folder_url = \"\";var hupso_url_t=\"\";var hupso_title_t=\"Formulaire\";<\/script><script type=\"text\/javascript\" src=\"https:\/\/static.hupso.com\/share\/js\/share_toolbar.js\"><\/script><!-- Hupso Share Buttons --><\/div>","protected":false},"excerpt":{"rendered":"<p>&nbsp;<\/p>\n<div style=\"padding-bottom:20px; padding-top:10px;\" class=\"hupso-share-buttons\"><!-- Hupso Share Buttons - https:\/\/www.hupso.com\/share\/ --><a class=\"hupso_toolbar\" href=\"https:\/\/www.hupso.com\/share\/\"><img src=\"https:\/\/static.hupso.com\/share\/buttons\/lang\/fr\/share-medium.png\" style=\"border:0px; padding-top: 5px; float:left;\" alt=\"Share Button\"\/><\/a><script type=\"text\/javascript\">var hupso_services_t=new Array(\"Twitter\",\"Facebook\",\"Linkedin\",\"Email\",\"Print\");var hupso_background_t=\"#EAF4FF\";var hupso_border_t=\"#66CCFF\";var hupso_toolbar_size_t=\"medium\";var hupso_image_folder_url = \"\";var hupso_url_t=\"\";var hupso_title_t=\"Formulaire\";<\/script><script type=\"text\/javascript\" src=\"https:\/\/static.hupso.com\/share\/js\/share_toolbar.js\"><\/script><!-- Hupso Share Buttons --><\/div>","protected":false},"author":1,"featured_media":0,"parent":0,"menu_order":5,"comment_status":"closed","ping_status":"closed","template":"","meta":{"ngg_post_thumbnail":0},"yoast_head":"<!-- This site is optimized with the Yoast SEO plugin v19.10 - https:\/\/yoast.com\/wordpress\/plugins\/seo\/ -->\n<title>Formulaire - Ensemble pour r\u00e9ussir !<\/title>\n<meta name=\"robots\" content=\"index, follow, max-snippet:-1, max-image-preview:large, max-video-preview:-1\" \/>\n<link rel=\"canonical\" href=\"https:\/\/accompagnement-entreprise.fr\/commercial\/formulaire\/\" \/>\n<meta property=\"og:locale\" content=\"fr_FR\" \/>\n<meta property=\"og:type\" content=\"article\" \/>\n<meta property=\"og:title\" content=\"Formulaire - Ensemble pour r\u00e9ussir !\" \/>\n<meta property=\"og:description\" content=\"&nbsp;\" \/>\n<meta property=\"og:url\" content=\"https:\/\/accompagnement-entreprise.fr\/commercial\/formulaire\/\" \/>\n<meta property=\"og:site_name\" content=\"Ensemble pour r\u00e9ussir !\" \/>\n<meta property=\"article:modified_time\" content=\"2025-09-05T17:23:02+00:00\" \/>\n<meta name=\"twitter:label1\" content=\"Dur\u00e9e de lecture estim\u00e9e\" \/>\n\t<meta name=\"twitter:data1\" content=\"1 minute\" \/>\n<script type=\"application\/ld+json\" class=\"yoast-schema-graph\">{\"@context\":\"https:\/\/schema.org\",\"@graph\":[{\"@type\":\"WebPage\",\"@id\":\"https:\/\/accompagnement-entreprise.fr\/commercial\/formulaire\/\",\"url\":\"https:\/\/accompagnement-entreprise.fr\/commercial\/formulaire\/\",\"name\":\"Formulaire - Ensemble pour r\u00e9ussir !\",\"isPartOf\":{\"@id\":\"https:\/\/accompagnement-entreprise.fr\/commercial\/#website\"},\"datePublished\":\"2013-04-11T15:21:50+00:00\",\"dateModified\":\"2025-09-05T17:23:02+00:00\",\"breadcrumb\":{\"@id\":\"https:\/\/accompagnement-entreprise.fr\/commercial\/formulaire\/#breadcrumb\"},\"inLanguage\":\"fr-FR\",\"potentialAction\":[{\"@type\":\"ReadAction\",\"target\":[\"https:\/\/accompagnement-entreprise.fr\/commercial\/formulaire\/\"]}]},{\"@type\":\"BreadcrumbList\",\"@id\":\"https:\/\/accompagnement-entreprise.fr\/commercial\/formulaire\/#breadcrumb\",\"itemListElement\":[{\"@type\":\"ListItem\",\"position\":1,\"name\":\"Home\",\"item\":\"https:\/\/accompagnement-entreprise.fr\/commercial\/\"},{\"@type\":\"ListItem\",\"position\":2,\"name\":\"Formulaire\"}]},{\"@type\":\"WebSite\",\"@id\":\"https:\/\/accompagnement-entreprise.fr\/commercial\/#website\",\"url\":\"https:\/\/accompagnement-entreprise.fr\/commercial\/\",\"name\":\"Ensemble pour r\u00e9ussir !\",\"description\":\"\",\"potentialAction\":[{\"@type\":\"SearchAction\",\"target\":{\"@type\":\"EntryPoint\",\"urlTemplate\":\"https:\/\/accompagnement-entreprise.fr\/commercial\/?s={search_term_string}\"},\"query-input\":\"required name=search_term_string\"}],\"inLanguage\":\"fr-FR\"}]}<\/script>\n<!-- \/ Yoast SEO plugin. -->","yoast_head_json":{"title":"Formulaire - Ensemble pour r\u00e9ussir !","robots":{"index":"index","follow":"follow","max-snippet":"max-snippet:-1","max-image-preview":"max-image-preview:large","max-video-preview":"max-video-preview:-1"},"canonical":"https:\/\/accompagnement-entreprise.fr\/commercial\/formulaire\/","og_locale":"fr_FR","og_type":"article","og_title":"Formulaire - Ensemble pour r\u00e9ussir !","og_description":"&nbsp;","og_url":"https:\/\/accompagnement-entreprise.fr\/commercial\/formulaire\/","og_site_name":"Ensemble pour r\u00e9ussir !","article_modified_time":"2025-09-05T17:23:02+00:00","twitter_misc":{"Dur\u00e9e de lecture estim\u00e9e":"1 minute"},"schema":{"@context":"https:\/\/schema.org","@graph":[{"@type":"WebPage","@id":"https:\/\/accompagnement-entreprise.fr\/commercial\/formulaire\/","url":"https:\/\/accompagnement-entreprise.fr\/commercial\/formulaire\/","name":"Formulaire - Ensemble pour r\u00e9ussir !","isPartOf":{"@id":"https:\/\/accompagnement-entreprise.fr\/commercial\/#website"},"datePublished":"2013-04-11T15:21:50+00:00","dateModified":"2025-09-05T17:23:02+00:00","breadcrumb":{"@id":"https:\/\/accompagnement-entreprise.fr\/commercial\/formulaire\/#breadcrumb"},"inLanguage":"fr-FR","potentialAction":[{"@type":"ReadAction","target":["https:\/\/accompagnement-entreprise.fr\/commercial\/formulaire\/"]}]},{"@type":"BreadcrumbList","@id":"https:\/\/accompagnement-entreprise.fr\/commercial\/formulaire\/#breadcrumb","itemListElement":[{"@type":"ListItem","position":1,"name":"Home","item":"https:\/\/accompagnement-entreprise.fr\/commercial\/"},{"@type":"ListItem","position":2,"name":"Formulaire"}]},{"@type":"WebSite","@id":"https:\/\/accompagnement-entreprise.fr\/commercial\/#website","url":"https:\/\/accompagnement-entreprise.fr\/commercial\/","name":"Ensemble pour r\u00e9ussir !","description":"","potentialAction":[{"@type":"SearchAction","target":{"@type":"EntryPoint","urlTemplate":"https:\/\/accompagnement-entreprise.fr\/commercial\/?s={search_term_string}"},"query-input":"required name=search_term_string"}],"inLanguage":"fr-FR"}]}},"_links":{"self":[{"href":"https:\/\/accompagnement-entreprise.fr\/commercial\/wp-json\/wp\/v2\/pages\/258"}],"collection":[{"href":"https:\/\/accompagnement-entreprise.fr\/commercial\/wp-json\/wp\/v2\/pages"}],"about":[{"href":"https:\/\/accompagnement-entreprise.fr\/commercial\/wp-json\/wp\/v2\/types\/page"}],"author":[{"embeddable":true,"href":"https:\/\/accompagnement-entreprise.fr\/commercial\/wp-json\/wp\/v2\/users\/1"}],"replies":[{"embeddable":true,"href":"https:\/\/accompagnement-entreprise.fr\/commercial\/wp-json\/wp\/v2\/comments?post=258"}],"version-history":[{"count":7,"href":"https:\/\/accompagnement-entreprise.fr\/commercial\/wp-json\/wp\/v2\/pages\/258\/revisions"}],"predecessor-version":[{"id":2281,"href":"https:\/\/accompagnement-entreprise.fr\/commercial\/wp-json\/wp\/v2\/pages\/258\/revisions\/2281"}],"wp:attachment":[{"href":"https:\/\/accompagnement-entreprise.fr\/commercial\/wp-json\/wp\/v2\/media?parent=258"}],"curies":[{"name":"wp","href":"https:\/\/api.w.org\/{rel}","templated":true}]}}